{"id":43656,"date":"2025-09-04T19:30:16","date_gmt":"2025-09-04T17:30:16","guid":{"rendered":"https:\/\/www.pachmann.xyz\/wp\/?page_id=43656"},"modified":"2026-05-04T10:38:56","modified_gmt":"2026-05-04T08:38:56","slug":"hebammenbetreuung-2","status":"publish","type":"page","link":"https:\/\/www.diehebamme.at\/wp\/hebammenbetreuung-2\/","title":{"rendered":"Hebammenbetreuung"},"content":{"rendered":"\t\t<div data-elementor-type=\"wp-page\" data-elementor-id=\"43656\" class=\"elementor elementor-43656\">\n\t\t\t\t<div class=\"elementor-element elementor-element-a5845d9 e-flex e-con-boxed cmsmasters-block-default e-con e-parent\" data-id=\"a5845d9\" data-element_type=\"container\" data-e-type=\"container\" data-settings=\"{&quot;background_background&quot;:&quot;classic&quot;}\">\n\t\t\t\t\t<div class=\"e-con-inner\">\n\t\t<div class=\"elementor-element elementor-element-5f55705 e-con-full e-flex cmsmasters-block-default e-con e-child\" data-id=\"5f55705\" data-element_type=\"container\" data-e-type=\"container\" data-settings=\"{&quot;background_background&quot;:&quot;classic&quot;}\">\n\t\t\t\t<div data-separate-animation-selector=\".cmsmasters-widget-title__heading\" data-text-animation-class=\"sequental, random, line, word, char\" class=\"elementor-element elementor-element-24697fb cmsmasters-line-clamp-no cmsmasters-color-variation-default cmsmasters-pointer-none cmsmasters-block-default cmsmasters-sticky-default elementor-widget elementor-widget-cmsmasters-title cmsmasters-widget-title\" data-id=\"24697fb\" data-element_type=\"widget\" data-e-type=\"widget\" data-widget_type=\"cmsmasters-title.default\">\n\t\t\t\t\t<h6 class=\"cmsmasters-widget-title__heading \">Dienstleistungen<\/h6>\t\t\t\t<\/div>\n\t\t\t\t<div class=\"elementor-element elementor-element-cc71556 elementor-widget__width-initial cmsmasters-block-default cmsmasters-sticky-default elementor-widget elementor-widget-heading\" data-id=\"cc71556\" data-element_type=\"widget\" data-e-type=\"widget\" data-widget_type=\"heading.default\">\n\t\t\t\t\t<h3 class=\"elementor-heading-title elementor-size-default\">Hebammen-betreuung<\/h3>\t\t\t\t<\/div>\n\t\t\t\t<div class=\"elementor-element elementor-element-5ea7476 elementor-widget__width-initial cmsmasters-block-default cmsmasters-sticky-default elementor-widget elementor-widget-text-editor\" data-id=\"5ea7476\" data-element_type=\"widget\" data-e-type=\"widget\" data-widget_type=\"text-editor.default\">\n\t\t\t\t\t\t\t\t\t<p>Betreuung w\u00e4hrend der Schwangerschaft bis max. 12 Wochen nach Ihrer Geburt<\/p>\t\t\t\t\t\t\t\t<\/div>\n\t\t\t\t<\/div>\n\t\t<div class=\"elementor-element elementor-element-fd9c12d e-con-full e-flex cmsmasters-bg-hide-none cmsmasters-bg-hide-none cmsmasters-block-default e-con e-child\" data-id=\"fd9c12d\" data-element_type=\"container\" data-e-type=\"container\" data-settings=\"{&quot;background_background&quot;:&quot;classic&quot;}\">\n\t\t\t\t<div class=\"elementor-element elementor-element-b789d22 cmsmasters-block-default cmsmasters-sticky-default elementor-widget elementor-widget-spacer\" data-id=\"b789d22\" data-element_type=\"widget\" data-e-type=\"widget\" data-widget_type=\"spacer.default\">\n\t\t\t\t\t\t\t<div class=\"elementor-spacer\">\n\t\t\t<div class=\"elementor-spacer-inner\"><\/div>\n\t\t<\/div>\n\t\t\t\t\t\t<\/div>\n\t\t\t\t<\/div>\n\t\t\t\t\t<\/div>\n\t\t\t\t<\/div>\n\t\t<div class=\"elementor-element elementor-element-7512775 e-flex e-con-boxed cmsmasters-block-default e-con e-parent\" data-id=\"7512775\" data-element_type=\"container\" data-e-type=\"container\">\n\t\t\t\t\t<div class=\"e-con-inner\">\n\t\t<div class=\"elementor-element elementor-element-3be29a5 e-con-full e-flex cmsmasters-block-default e-con e-child\" data-id=\"3be29a5\" data-element_type=\"container\" data-e-type=\"container\">\n\t\t<div class=\"elementor-element elementor-element-bf09b20 e-con-full e-flex cmsmasters-block-default e-con e-child\" data-id=\"bf09b20\" data-element_type=\"container\" data-e-type=\"container\">\n\t\t\t\t<div class=\"elementor-element elementor-element-2415c1a elementor-widget__width-initial cmsmasters-block-default cmsmasters-sticky-default elementor-widget elementor-widget-heading\" data-id=\"2415c1a\" data-element_type=\"widget\" data-e-type=\"widget\" data-widget_type=\"heading.default\">\n\t\t\t\t\t<h4 class=\"elementor-heading-title elementor-size-default\">ICH HABE MIT ALLEN KRANKENKASSEN IN \u00d6STERREICH EINEN VERTAG UND RECHNE DIREKT MIT IHRER KRANKENKASSE AB.<\/h4>\t\t\t\t<\/div>\n\t\t\t\t<\/div>\n\t\t\t\t<\/div>\n\t\t<div class=\"elementor-element elementor-element-4345301 e-con-full e-flex cmsmasters-block-default e-con e-child\" data-id=\"4345301\" data-element_type=\"container\" data-e-type=\"container\">\n\t\t<div class=\"elementor-element elementor-element-49e432f e-con-full e-flex cmsmasters-block-default e-con e-child\" data-id=\"49e432f\" data-element_type=\"container\" data-e-type=\"container\">\n\t\t\t\t<div data-separate-animation-selector=\".elementor-widget-cmsmasters-toggles__item\" data-text-animation-class=\"sequental, random\" class=\"elementor-element elementor-element-fcdc4ad cmsmasters-trigger-icon-view-stacked cmsmasters-title-alignment-left cmsmasters-item-icon-position-left cmsmasters-block-default cmsmasters-sticky-default elementor-widget elementor-widget-cmsmasters-toggles cmsmasters-widget-toggles\" data-id=\"fcdc4ad\" data-element_type=\"widget\" data-e-type=\"widget\" data-settings=\"{&quot;toggles&quot;:[{&quot;toggle_title&quot;:&quot;LEISTUNGEN DER KRANKENKASSE:&quot;,&quot;toggle_content&quot;:&quot;&lt;p&gt;Ab der &lt;strong&gt;32.SSW&lt;\\\/strong&gt; k\\u00f6nnen Sie einen Hausbesuch in Anspruch nehmen. Dieser wird allerdings von den Hausbesuchen nach der Geburt abgezogen.&lt;br \\\/&gt;&lt;br \\\/&gt;&lt;br \\\/&gt;&lt;strong&gt;Zwei Hebammensprechstunden&lt;\\\/strong&gt; in der SCHWANGERSCHAFT bei geplanter ambulanter Geburt.&lt;br \\\/&gt;&lt;br \\\/&gt;&lt;br \\\/&gt;&lt;strong&gt;F\\u00fcnf Hausbesuche&lt;\\\/strong&gt; vom 1. Tag nach Ihrer Geburt bis zum 5. Tag nach Ihrer Geburt.&lt;br \\\/&gt;&lt;br \\\/&gt;&lt;br \\\/&gt;Vom 6. Tag nach Ihrer Geburt bis zum 56. Tag nach Ihrer Geburt stehen Ihnen bei Bedarf &lt;strong&gt;sieben Hausbesuche&lt;\\\/strong&gt; zur Verf\\u00fcgung.&lt;br \\\/&gt;&lt;br \\\/&gt;&lt;br \\\/&gt;Bei einem &lt;strong&gt;Kaiserschnitt, Zwillingsgeburt oder einer Fr\\u00fchgeburt&lt;\\\/strong&gt; haben Sie die M\\u00f6glichkeit die 7 Hausbesuche auf die ersten drei Monate auszudehnen.&lt;br \\\/&gt;&lt;br \\\/&gt;&lt;br \\\/&gt;Ich komme so lange zu Ihnen, bis Sie sich &lt;strong&gt;sicher f\\u00fchlen&lt;\\\/strong&gt;. Wir kl\\u00e4ren alle Fragen die Sie in den ersten Tagen und Wochen nach der Geburt haben. Ich beobachte Ihren Wochenbettverlauf, achte auf eine gesunde R\\u00fcckbildung und unterst\\u00fctze Sie beim Stillen.&lt;\\\/p&gt;&quot;,&quot;_id&quot;:&quot;8b62f61&quot;,&quot;content_type&quot;:&quot;toggle-content&quot;,&quot;saved_section&quot;:null,&quot;item_icon&quot;:{&quot;value&quot;:&quot;&quot;,&quot;library&quot;:&quot;&quot;},&quot;toggle_custom_id&quot;:&quot;&quot;},{&quot;toggle_title&quot;:&quot;PRIVAT zu bezahlende LEISTUNGEN&quot;,&quot;toggle_content&quot;:&quot;&lt;ul&gt;&lt;li&gt;&lt;strong&gt;Geburtsvorbereitungskurs&lt;\\\/strong&gt;&lt;\\\/li&gt;&lt;li&gt;&lt;strong&gt;Stillvorbereitung in der Schwangerschaft &lt;\\\/strong&gt;&lt;\\\/li&gt;&lt;li&gt;&lt;strong&gt;Entspannungseinheiten und Meditation &lt;\\\/strong&gt;&lt;\\\/li&gt;&lt;\\\/ul&gt;&quot;,&quot;_id&quot;:&quot;9775964&quot;,&quot;content_type&quot;:&quot;toggle-content&quot;,&quot;saved_section&quot;:null,&quot;item_icon&quot;:{&quot;value&quot;:&quot;&quot;,&quot;library&quot;:&quot;&quot;},&quot;toggle_custom_id&quot;:&quot;&quot;}],&quot;default_toggle&quot;:1,&quot;type&quot;:&quot;toggles&quot;}\" data-widget_type=\"cmsmasters-toggles.default\">\n\t\t\t\t\t<div class=\"elementor-widget-cmsmasters-toggles__list\"><div class=\"elementor-widget-cmsmasters-toggles__item\"><h5 id=\"elementor-tab-title-2651\" class=\"elementor-widget-cmsmasters-toggles__title\" data-tab=\"1\" aria-expanded=\"false\" aria-controls=\"elementor-widget-cmsmasters-toggles__content-2651\" tabindex=\"0\"><a class=\"elementor-widget-cmsmasters-toggles__title-link cmsmasters_enable_trigger_icon\" href=\"#\" tabindex=\"-1\"><span class=\"elementor-widget-cmsmasters-toggles__title-text\">LEISTUNGEN DER KRANKENKASSE:<\/span><\/a><span class=\"elementor-widget-cmsmasters-toggles__trigger\"><span class=\"elementor-widget-cmsmasters-toggles__trigger-closed\"><i aria-hidden=\"true\" aria-label=\"Closed\" class=\"cmsmsdemo-icon- cmsms-demo-icon-arrow-down\"><\/i><\/span><span class=\"elementor-widget-cmsmasters-toggles__trigger-opened\"><i aria-hidden=\"true\" aria-label=\"Opened\" class=\"cmsmsdemo-icon- cmsms-demo-icon-arrow-up\"><\/i><\/span><\/span><\/h5><div id=\"elementor-widget-cmsmasters-toggles__content-2651\" class=\"elementor-widget-cmsmasters-toggles__content elementor-clearfix\" data-tab=\"1\"><p>Ab der <strong>32.SSW<\/strong> k\u00f6nnen Sie einen Hausbesuch in Anspruch nehmen. Dieser wird allerdings von den Hausbesuchen nach der Geburt abgezogen.<br \/><br \/><br \/><strong>Zwei Hebammensprechstunden<\/strong> in der SCHWANGERSCHAFT bei geplanter ambulanter Geburt.<br \/><br \/><br \/><strong>F\u00fcnf Hausbesuche<\/strong> vom 1. Tag nach Ihrer Geburt bis zum 5. Tag nach Ihrer Geburt.<br \/><br \/><br \/>Vom 6. Tag nach Ihrer Geburt bis zum 56. Tag nach Ihrer Geburt stehen Ihnen bei Bedarf <strong>sieben Hausbesuche<\/strong> zur Verf\u00fcgung.<br \/><br \/><br \/>Bei einem <strong>Kaiserschnitt, Zwillingsgeburt oder einer Fr\u00fchgeburt<\/strong> haben Sie die M\u00f6glichkeit die 7 Hausbesuche auf die ersten drei Monate auszudehnen.<br \/><br \/><br \/>Ich komme so lange zu Ihnen, bis Sie sich <strong>sicher f\u00fchlen<\/strong>. Wir kl\u00e4ren alle Fragen die Sie in den ersten Tagen und Wochen nach der Geburt haben. Ich beobachte Ihren Wochenbettverlauf, achte auf eine gesunde R\u00fcckbildung und unterst\u00fctze Sie beim Stillen.<\/p><\/div><\/div><div class=\"elementor-widget-cmsmasters-toggles__item\"><h5 id=\"elementor-tab-title-2652\" class=\"elementor-widget-cmsmasters-toggles__title\" data-tab=\"2\" aria-expanded=\"false\" aria-controls=\"elementor-widget-cmsmasters-toggles__content-2652\" tabindex=\"0\"><a class=\"elementor-widget-cmsmasters-toggles__title-link cmsmasters_enable_trigger_icon\" href=\"#\" tabindex=\"-1\"><span class=\"elementor-widget-cmsmasters-toggles__title-text\">PRIVAT zu bezahlende LEISTUNGEN<\/span><\/a><span class=\"elementor-widget-cmsmasters-toggles__trigger\"><span class=\"elementor-widget-cmsmasters-toggles__trigger-closed\"><i aria-hidden=\"true\" aria-label=\"Closed\" class=\"cmsmsdemo-icon- cmsms-demo-icon-arrow-down\"><\/i><\/span><span class=\"elementor-widget-cmsmasters-toggles__trigger-opened\"><i aria-hidden=\"true\" aria-label=\"Opened\" class=\"cmsmsdemo-icon- cmsms-demo-icon-arrow-up\"><\/i><\/span><\/span><\/h5><div id=\"elementor-widget-cmsmasters-toggles__content-2652\" class=\"elementor-widget-cmsmasters-toggles__content elementor-clearfix\" data-tab=\"2\"><ul><li><strong>Geburtsvorbereitungskurs<\/strong><\/li><li><strong>Stillvorbereitung in der Schwangerschaft <\/strong><\/li><li><strong>Entspannungseinheiten und Meditation <\/strong><\/li><\/ul><\/div><\/div><\/div>\t\t\t\t<\/div>\n\t\t\t\t<\/div>\n\t\t\t\t<\/div>\n\t\t\t\t\t<\/div>\n\t\t\t\t<\/div>\n\t\t\t\t<\/div>\n\t\t","protected":false},"excerpt":{"rendered":"<p>Dienstleistungen Hebammen-betreuung Betreuung w\u00e4hrend der Schwangerschaft bis max. 12 Wochen nach Ihrer Geburt ICH HABE MIT ALLEN KRANKENKASSEN IN \u00d6STERREICH EINEN VERTAG UND RECHNE DIREKT MIT IHRER KRANKENKASSE AB. LEISTUNGEN DER KRANKENKASSE: Ab der 32.SSW k\u00f6nnen Sie einen Hausbesuch in Anspruch nehmen. Dieser wird allerdings von den Hausbesuchen nach der Geburt abgezogen. Zwei Hebammensprechstunden in&#8230;<\/p>\n","protected":false},"author":1,"featured_media":0,"parent":0,"menu_order":0,"comment_status":"closed","ping_status":"closed","template":"","meta":{"inline_featured_image":false,"footnotes":""},"class_list":["post-43656","page","type-page","status-publish","hentry"],"_links":{"self":[{"href":"https:\/\/www.diehebamme.at\/wp\/wp-json\/wp\/v2\/pages\/43656","targetHints":{"allow":["GET"]}}],"collection":[{"href":"https:\/\/www.diehebamme.at\/wp\/wp-json\/wp\/v2\/pages"}],"about":[{"href":"https:\/\/www.diehebamme.at\/wp\/wp-json\/wp\/v2\/types\/page"}],"author":[{"embeddable":true,"href":"https:\/\/www.diehebamme.at\/wp\/wp-json\/wp\/v2\/users\/1"}],"replies":[{"embeddable":true,"href":"https:\/\/www.diehebamme.at\/wp\/wp-json\/wp\/v2\/comments?post=43656"}],"version-history":[{"count":63,"href":"https:\/\/www.diehebamme.at\/wp\/wp-json\/wp\/v2\/pages\/43656\/revisions"}],"predecessor-version":[{"id":44108,"href":"https:\/\/www.diehebamme.at\/wp\/wp-json\/wp\/v2\/pages\/43656\/revisions\/44108"}],"wp:attachment":[{"href":"https:\/\/www.diehebamme.at\/wp\/wp-json\/wp\/v2\/media?parent=43656"}],"curies":[{"name":"wp","href":"https:\/\/api.w.org\/{rel}","templated":true}]}}